{"id":1190,"date":"2020-11-05T19:56:01","date_gmt":"2020-11-05T19:56:01","guid":{"rendered":"https:\/\/www.heeringholland.com\/es-new\/?page_id=1190"},"modified":"2024-03-14T17:34:26","modified_gmt":"2024-03-14T17:34:26","slug":"chick-truck","status":"publish","type":"page","link":"https:\/\/www.heeringholland.com\/es\/chick-truck","title":{"rendered":"Productos"},"content":{"rendered":"","protected":false},"excerpt":{"rendered":"","protected":false},"author":4,"featured_media":0,"parent":0,"menu_order":0,"comment_status":"closed","ping_status":"closed","template":"","meta":{"_acf_changed":false,"footnotes":""},"class_list":["post-1190","page","type-page","status-publish","hentry"],"acf":[],"yoast_head":"<title>Camiones de pollitos y veh\u00edculos av\u00edcolas | Disponible en todos los tama\u00f1os | HEERING<\/title>\n<meta name=\"description\" content=\"Heering se especializa en camiones de pollitos y veh\u00edculos av\u00edcolas de alta gama con clima controlado. \u00bfListo para avanzar en el transporte de pollitos y huevos de un d\u00eda?\" \/>\n<meta name=\"robots\" content=\"index, follow, max-snippet:-1, max-image-preview:large, max-video-preview:-1\" \/>\n<link rel=\"canonical\" href=\"https:\/\/www.heeringholland.com\/es\/chick-truck\" \/>\n<meta property=\"og:locale\" content=\"en_US\" \/>\n<meta property=\"og:type\" content=\"article\" \/>\n<meta property=\"og:title\" content=\"Camiones de pollitos y veh\u00edculos av\u00edcolas | Disponible en todos los tama\u00f1os | HEERING\" \/>\n<meta property=\"og:description\" content=\"Heering se especializa en camiones de pollitos y veh\u00edculos av\u00edcolas de alta gama con clima controlado. \u00bfListo para avanzar en el transporte de pollitos y huevos de un d\u00eda?\" \/>\n<meta property=\"og:url\" content=\"https:\/\/www.heeringholland.com\/es\/chick-truck\" \/>\n<meta property=\"og:site_name\" content=\"Heering | ES\" \/>\n<meta property=\"article:publisher\" content=\"https:\/\/www.facebook.com\/Heering-Holland-100549714656200\/\" \/>\n<meta property=\"article:modified_time\" content=\"2024-03-14T17:34:26+00:00\" \/>\n<meta name=\"twitter:card\" content=\"summary_large_image\" \/>\n<meta name=\"twitter:label1\" content=\"Est. reading time\" \/>\n\t<meta name=\"twitter:data1\" content=\"2 minutes\" \/>\n<script type=\"application\/ld+json\" class=\"yoast-schema-graph\">{\"@context\":\"https:\\\/\\\/schema.org\",\"@graph\":[{\"@type\":\"WebPage\",\"@id\":\"https:\\\/\\\/www.heeringholland.com\\\/es\\\/chick-truck\",\"url\":\"https:\\\/\\\/www.heeringholland.com\\\/es\\\/chick-truck\",\"name\":\"Camiones de pollitos y veh\u00edculos av\u00edcolas | Disponible en todos los tama\u00f1os | HEERING\",\"isPartOf\":{\"@id\":\"https:\\\/\\\/www.heeringholland.com\\\/es\\\/#website\"},\"datePublished\":\"2020-11-05T19:56:01+00:00\",\"dateModified\":\"2024-03-14T17:34:26+00:00\",\"description\":\"Heering se especializa en camiones de pollitos y veh\u00edculos av\u00edcolas de alta gama con clima controlado. \u00bfListo para avanzar en el transporte de pollitos y huevos de un d\u00eda?\",\"breadcrumb\":{\"@id\":\"https:\\\/\\\/www.heeringholland.com\\\/es\\\/chick-truck#breadcrumb\"},\"inLanguage\":\"en-US\",\"potentialAction\":[{\"@type\":\"ReadAction\",\"target\":[\"https:\\\/\\\/www.heeringholland.com\\\/es\\\/chick-truck\"]}]},{\"@type\":\"BreadcrumbList\",\"@id\":\"https:\\\/\\\/www.heeringholland.com\\\/es\\\/chick-truck#breadcrumb\",\"itemListElement\":[{\"@type\":\"ListItem\",\"position\":1,\"name\":\"Home\",\"item\":\"https:\\\/\\\/www.heeringholland.com\\\/es\\\/\"},{\"@type\":\"ListItem\",\"position\":2,\"name\":\"Productos\"}]},{\"@type\":\"WebSite\",\"@id\":\"https:\\\/\\\/www.heeringholland.com\\\/es\\\/#website\",\"url\":\"https:\\\/\\\/www.heeringholland.com\\\/es\\\/\",\"name\":\"Heering | ES\",\"description\":\"Heering, for the best quality of chicks upon arrival.\",\"potentialAction\":[{\"@type\":\"SearchAction\",\"target\":{\"@type\":\"EntryPoint\",\"urlTemplate\":\"https:\\\/\\\/www.heeringholland.com\\\/es\\\/?s={search_term_string}\"},\"query-input\":{\"@type\":\"PropertyValueSpecification\",\"valueRequired\":true,\"valueName\":\"search_term_string\"}}],\"inLanguage\":\"en-US\"}]}<\/script>","yoast_head_json":{"title":"Camiones de pollitos y veh\u00edculos av\u00edcolas | Disponible en todos los tama\u00f1os | HEERING","description":"Heering se especializa en camiones de pollitos y veh\u00edculos av\u00edcolas de alta gama con clima controlado. \u00bfListo para avanzar en el transporte de pollitos y huevos de un d\u00eda?","robots":{"index":"index","follow":"follow","max-snippet":"max-snippet:-1","max-image-preview":"max-image-preview:large","max-video-preview":"max-video-preview:-1"},"canonical":"https:\/\/www.heeringholland.com\/es\/chick-truck","og_locale":"en_US","og_type":"article","og_title":"Camiones de pollitos y veh\u00edculos av\u00edcolas | Disponible en todos los tama\u00f1os | HEERING","og_description":"Heering se especializa en camiones de pollitos y veh\u00edculos av\u00edcolas de alta gama con clima controlado. \u00bfListo para avanzar en el transporte de pollitos y huevos de un d\u00eda?","og_url":"https:\/\/www.heeringholland.com\/es\/chick-truck","og_site_name":"Heering | ES","article_publisher":"https:\/\/www.facebook.com\/Heering-Holland-100549714656200\/","article_modified_time":"2024-03-14T17:34:26+00:00","twitter_card":"summary_large_image","twitter_misc":{"Est. reading time":"2 minutes"},"schema":{"@context":"https:\/\/schema.org","@graph":[{"@type":"WebPage","@id":"https:\/\/www.heeringholland.com\/es\/chick-truck","url":"https:\/\/www.heeringholland.com\/es\/chick-truck","name":"Camiones de pollitos y veh\u00edculos av\u00edcolas | Disponible en todos los tama\u00f1os | HEERING","isPartOf":{"@id":"https:\/\/www.heeringholland.com\/es\/#website"},"datePublished":"2020-11-05T19:56:01+00:00","dateModified":"2024-03-14T17:34:26+00:00","description":"Heering se especializa en camiones de pollitos y veh\u00edculos av\u00edcolas de alta gama con clima controlado. \u00bfListo para avanzar en el transporte de pollitos y huevos de un d\u00eda?","breadcrumb":{"@id":"https:\/\/www.heeringholland.com\/es\/chick-truck#breadcrumb"},"inLanguage":"en-US","potentialAction":[{"@type":"ReadAction","target":["https:\/\/www.heeringholland.com\/es\/chick-truck"]}]},{"@type":"BreadcrumbList","@id":"https:\/\/www.heeringholland.com\/es\/chick-truck#breadcrumb","itemListElement":[{"@type":"ListItem","position":1,"name":"Home","item":"https:\/\/www.heeringholland.com\/es\/"},{"@type":"ListItem","position":2,"name":"Productos"}]},{"@type":"WebSite","@id":"https:\/\/www.heeringholland.com\/es\/#website","url":"https:\/\/www.heeringholland.com\/es\/","name":"Heering | ES","description":"Heering, for the best quality of chicks upon arrival.","potentialAction":[{"@type":"SearchAction","target":{"@type":"EntryPoint","urlTemplate":"https:\/\/www.heeringholland.com\/es\/?s={search_term_string}"},"query-input":{"@type":"PropertyValueSpecification","valueRequired":true,"valueName":"search_term_string"}}],"inLanguage":"en-US"}]}},"_links":{"self":[{"href":"https:\/\/www.heeringholland.com\/es\/wp-json\/wp\/v2\/pages\/1190","targetHints":{"allow":["GET"]}}],"collection":[{"href":"https:\/\/www.heeringholland.com\/es\/wp-json\/wp\/v2\/pages"}],"about":[{"href":"https:\/\/www.heeringholland.com\/es\/wp-json\/wp\/v2\/types\/page"}],"author":[{"embeddable":true,"href":"https:\/\/www.heeringholland.com\/es\/wp-json\/wp\/v2\/users\/4"}],"replies":[{"embeddable":true,"href":"https:\/\/www.heeringholland.com\/es\/wp-json\/wp\/v2\/comments?post=1190"}],"version-history":[{"count":3,"href":"https:\/\/www.heeringholland.com\/es\/wp-json\/wp\/v2\/pages\/1190\/revisions"}],"predecessor-version":[{"id":5522,"href":"https:\/\/www.heeringholland.com\/es\/wp-json\/wp\/v2\/pages\/1190\/revisions\/5522"}],"wp:attachment":[{"href":"https:\/\/www.heeringholland.com\/es\/wp-json\/wp\/v2\/media?parent=1190"}],"curies":[{"name":"wp","href":"https:\/\/api.w.org\/{rel}","templated":true}]}}