{"id":1345,"date":"2020-11-10T19:52:07","date_gmt":"2020-11-10T19:52:07","guid":{"rendered":"https:\/\/www.heeringholland.com\/es-new\/?page_id=1345"},"modified":"2024-03-14T13:22:00","modified_gmt":"2024-03-14T13:22:00","slug":"servicios","status":"publish","type":"page","link":"https:\/\/www.heeringholland.com\/es\/servicios","title":{"rendered":"Servicios"},"content":{"rendered":"","protected":false},"excerpt":{"rendered":"","protected":false},"author":4,"featured_media":0,"parent":0,"menu_order":0,"comment_status":"closed","ping_status":"closed","template":"","meta":{"_acf_changed":false,"footnotes":""},"class_list":["post-1345","page","type-page","status-publish","hentry"],"acf":[],"yoast_head":"<title>Servicios - Heering | ES<\/title>\n<meta name=\"description\" content=\"\u00bfEst\u00e1 buscando la mejor calidad en tecnolog\u00edas de transporte de pollitos de un d\u00eda? Por favor, conozca nuestra gama de productos o p\u00f3ngase en contacto con nosotros.\" \/>\n<meta name=\"robots\" content=\"index, follow, max-snippet:-1, max-image-preview:large, max-video-preview:-1\" \/>\n<link rel=\"canonical\" href=\"https:\/\/www.heeringholland.com\/es\/servicios\" \/>\n<meta property=\"og:locale\" content=\"en_US\" \/>\n<meta property=\"og:type\" content=\"article\" \/>\n<meta property=\"og:title\" content=\"Servicios - Heering | ES\" \/>\n<meta property=\"og:description\" content=\"\u00bfEst\u00e1 buscando la mejor calidad en tecnolog\u00edas de transporte de pollitos de un d\u00eda? Por favor, conozca nuestra gama de productos o p\u00f3ngase en contacto con nosotros.\" \/>\n<meta property=\"og:url\" content=\"https:\/\/www.heeringholland.com\/es\/servicios\" \/>\n<meta property=\"og:site_name\" content=\"Heering | ES\" \/>\n<meta property=\"article:publisher\" content=\"https:\/\/www.facebook.com\/Heering-Holland-100549714656200\/\" \/>\n<meta property=\"article:modified_time\" content=\"2024-03-14T13:22:00+00:00\" \/>\n<meta name=\"twitter:card\" content=\"summary_large_image\" \/>\n<meta name=\"twitter:label1\" content=\"Est. reading time\" \/>\n\t<meta name=\"twitter:data1\" content=\"2 minutes\" \/>\n<script type=\"application\/ld+json\" class=\"yoast-schema-graph\">{\"@context\":\"https:\\\/\\\/schema.org\",\"@graph\":[{\"@type\":\"WebPage\",\"@id\":\"https:\\\/\\\/www.heeringholland.com\\\/es\\\/servicios\",\"url\":\"https:\\\/\\\/www.heeringholland.com\\\/es\\\/servicios\",\"name\":\"Servicios - Heering | ES\",\"isPartOf\":{\"@id\":\"https:\\\/\\\/www.heeringholland.com\\\/es\\\/#website\"},\"datePublished\":\"2020-11-10T19:52:07+00:00\",\"dateModified\":\"2024-03-14T13:22:00+00:00\",\"description\":\"\u00bfEst\u00e1 buscando la mejor calidad en tecnolog\u00edas de transporte de pollitos de un d\u00eda? Por favor, conozca nuestra gama de productos o p\u00f3ngase en contacto con nosotros.\",\"breadcrumb\":{\"@id\":\"https:\\\/\\\/www.heeringholland.com\\\/es\\\/servicios#breadcrumb\"},\"inLanguage\":\"en-US\",\"potentialAction\":[{\"@type\":\"ReadAction\",\"target\":[\"https:\\\/\\\/www.heeringholland.com\\\/es\\\/servicios\"]}]},{\"@type\":\"BreadcrumbList\",\"@id\":\"https:\\\/\\\/www.heeringholland.com\\\/es\\\/servicios#breadcrumb\",\"itemListElement\":[{\"@type\":\"ListItem\",\"position\":1,\"name\":\"Home\",\"item\":\"https:\\\/\\\/www.heeringholland.com\\\/es\\\/\"},{\"@type\":\"ListItem\",\"position\":2,\"name\":\"Servicios\"}]},{\"@type\":\"WebSite\",\"@id\":\"https:\\\/\\\/www.heeringholland.com\\\/es\\\/#website\",\"url\":\"https:\\\/\\\/www.heeringholland.com\\\/es\\\/\",\"name\":\"Heering | ES\",\"description\":\"Heering, for the best quality of chicks upon arrival.\",\"potentialAction\":[{\"@type\":\"SearchAction\",\"target\":{\"@type\":\"EntryPoint\",\"urlTemplate\":\"https:\\\/\\\/www.heeringholland.com\\\/es\\\/?s={search_term_string}\"},\"query-input\":{\"@type\":\"PropertyValueSpecification\",\"valueRequired\":true,\"valueName\":\"search_term_string\"}}],\"inLanguage\":\"en-US\"}]}<\/script>","yoast_head_json":{"title":"Servicios - Heering | ES","description":"\u00bfEst\u00e1 buscando la mejor calidad en tecnolog\u00edas de transporte de pollitos de un d\u00eda? Por favor, conozca nuestra gama de productos o p\u00f3ngase en contacto con nosotros.","robots":{"index":"index","follow":"follow","max-snippet":"max-snippet:-1","max-image-preview":"max-image-preview:large","max-video-preview":"max-video-preview:-1"},"canonical":"https:\/\/www.heeringholland.com\/es\/servicios","og_locale":"en_US","og_type":"article","og_title":"Servicios - Heering | ES","og_description":"\u00bfEst\u00e1 buscando la mejor calidad en tecnolog\u00edas de transporte de pollitos de un d\u00eda? Por favor, conozca nuestra gama de productos o p\u00f3ngase en contacto con nosotros.","og_url":"https:\/\/www.heeringholland.com\/es\/servicios","og_site_name":"Heering | ES","article_publisher":"https:\/\/www.facebook.com\/Heering-Holland-100549714656200\/","article_modified_time":"2024-03-14T13:22:00+00:00","twitter_card":"summary_large_image","twitter_misc":{"Est. reading time":"2 minutes"},"schema":{"@context":"https:\/\/schema.org","@graph":[{"@type":"WebPage","@id":"https:\/\/www.heeringholland.com\/es\/servicios","url":"https:\/\/www.heeringholland.com\/es\/servicios","name":"Servicios - Heering | ES","isPartOf":{"@id":"https:\/\/www.heeringholland.com\/es\/#website"},"datePublished":"2020-11-10T19:52:07+00:00","dateModified":"2024-03-14T13:22:00+00:00","description":"\u00bfEst\u00e1 buscando la mejor calidad en tecnolog\u00edas de transporte de pollitos de un d\u00eda? Por favor, conozca nuestra gama de productos o p\u00f3ngase en contacto con nosotros.","breadcrumb":{"@id":"https:\/\/www.heeringholland.com\/es\/servicios#breadcrumb"},"inLanguage":"en-US","potentialAction":[{"@type":"ReadAction","target":["https:\/\/www.heeringholland.com\/es\/servicios"]}]},{"@type":"BreadcrumbList","@id":"https:\/\/www.heeringholland.com\/es\/servicios#breadcrumb","itemListElement":[{"@type":"ListItem","position":1,"name":"Home","item":"https:\/\/www.heeringholland.com\/es\/"},{"@type":"ListItem","position":2,"name":"Servicios"}]},{"@type":"WebSite","@id":"https:\/\/www.heeringholland.com\/es\/#website","url":"https:\/\/www.heeringholland.com\/es\/","name":"Heering | ES","description":"Heering, for the best quality of chicks upon arrival.","potentialAction":[{"@type":"SearchAction","target":{"@type":"EntryPoint","urlTemplate":"https:\/\/www.heeringholland.com\/es\/?s={search_term_string}"},"query-input":{"@type":"PropertyValueSpecification","valueRequired":true,"valueName":"search_term_string"}}],"inLanguage":"en-US"}]}},"_links":{"self":[{"href":"https:\/\/www.heeringholland.com\/es\/wp-json\/wp\/v2\/pages\/1345","targetHints":{"allow":["GET"]}}],"collection":[{"href":"https:\/\/www.heeringholland.com\/es\/wp-json\/wp\/v2\/pages"}],"about":[{"href":"https:\/\/www.heeringholland.com\/es\/wp-json\/wp\/v2\/types\/page"}],"author":[{"embeddable":true,"href":"https:\/\/www.heeringholland.com\/es\/wp-json\/wp\/v2\/users\/4"}],"replies":[{"embeddable":true,"href":"https:\/\/www.heeringholland.com\/es\/wp-json\/wp\/v2\/comments?post=1345"}],"version-history":[{"count":1,"href":"https:\/\/www.heeringholland.com\/es\/wp-json\/wp\/v2\/pages\/1345\/revisions"}],"predecessor-version":[{"id":5212,"href":"https:\/\/www.heeringholland.com\/es\/wp-json\/wp\/v2\/pages\/1345\/revisions\/5212"}],"wp:attachment":[{"href":"https:\/\/www.heeringholland.com\/es\/wp-json\/wp\/v2\/media?parent=1345"}],"curies":[{"name":"wp","href":"https:\/\/api.w.org\/{rel}","templated":true}]}}