{"id":2886,"date":"2021-04-20T15:04:01","date_gmt":"2021-04-20T15:04:01","guid":{"rendered":"https:\/\/www.heeringholland.com\/es-new\/?page_id=2886"},"modified":"2022-06-17T21:13:39","modified_gmt":"2022-06-17T21:13:39","slug":"camion-liviano-pollitos-un-dia","status":"publish","type":"page","link":"https:\/\/www.heeringholland.com\/es\/chick-truck\/camion-liviano-pollitos-un-dia","title":{"rendered":"Heering 25 (pollitos de un d\u00eda)"},"content":{"rendered":"","protected":false},"excerpt":{"rendered":"","protected":false},"author":9,"featured_media":0,"parent":1190,"menu_order":0,"comment_status":"closed","ping_status":"closed","template":"","meta":{"_acf_changed":false,"footnotes":""},"class_list":["post-2886","page","type-page","status-publish","hentry"],"acf":[],"yoast_head":"<title>Cami\u00f3n pollitos | Heering 25 peque\u00f1o (pollitos de un d\u00eda) | HEERING<\/title>\n<meta name=\"description\" content=\"\u00bfEst\u00e1 interesado en c\u00f3mo el Heering 25 puede agregar valor a las operaciones de transporte de su planta de incubaci\u00f3n? Env\u00edenos un mensaje.\" \/>\n<meta name=\"robots\" content=\"index, follow, max-snippet:-1, max-image-preview:large, max-video-preview:-1\" \/>\n<link rel=\"canonical\" href=\"https:\/\/www.heeringholland.com\/es\/chick-truck\/camion-liviano-pollitos-un-dia\" \/>\n<meta property=\"og:locale\" content=\"en_US\" \/>\n<meta property=\"og:type\" content=\"article\" \/>\n<meta property=\"og:title\" content=\"Cami\u00f3n pollitos | Heering 25 peque\u00f1o (pollitos de un d\u00eda) | HEERING\" \/>\n<meta property=\"og:description\" content=\"\u00bfEst\u00e1 interesado en c\u00f3mo el Heering 25 puede agregar valor a las operaciones de transporte de su planta de incubaci\u00f3n? Env\u00edenos un mensaje.\" \/>\n<meta property=\"og:url\" content=\"https:\/\/www.heeringholland.com\/es\/chick-truck\/camion-liviano-pollitos-un-dia\" \/>\n<meta property=\"og:site_name\" content=\"Heering | ES\" \/>\n<meta property=\"article:publisher\" content=\"https:\/\/www.facebook.com\/Heering-Holland-100549714656200\/\" \/>\n<meta property=\"article:modified_time\" content=\"2022-06-17T21:13:39+00:00\" \/>\n<meta name=\"twitter:card\" content=\"summary_large_image\" \/>\n<script type=\"application\/ld+json\" class=\"yoast-schema-graph\">{\"@context\":\"https:\\\/\\\/schema.org\",\"@graph\":[{\"@type\":\"WebPage\",\"@id\":\"https:\\\/\\\/www.heeringholland.com\\\/es\\\/chick-truck\\\/camion-liviano-pollitos-un-dia\",\"url\":\"https:\\\/\\\/www.heeringholland.com\\\/es\\\/chick-truck\\\/camion-liviano-pollitos-un-dia\",\"name\":\"Cami\u00f3n pollitos | Heering 25 peque\u00f1o (pollitos de un d\u00eda) | HEERING\",\"isPartOf\":{\"@id\":\"https:\\\/\\\/www.heeringholland.com\\\/es\\\/#website\"},\"datePublished\":\"2021-04-20T15:04:01+00:00\",\"dateModified\":\"2022-06-17T21:13:39+00:00\",\"description\":\"\u00bfEst\u00e1 interesado en c\u00f3mo el Heering 25 puede agregar valor a las operaciones de transporte de su planta de incubaci\u00f3n? Env\u00edenos un mensaje.\",\"breadcrumb\":{\"@id\":\"https:\\\/\\\/www.heeringholland.com\\\/es\\\/chick-truck\\\/camion-liviano-pollitos-un-dia#breadcrumb\"},\"inLanguage\":\"en-US\",\"potentialAction\":[{\"@type\":\"ReadAction\",\"target\":[\"https:\\\/\\\/www.heeringholland.com\\\/es\\\/chick-truck\\\/camion-liviano-pollitos-un-dia\"]}]},{\"@type\":\"BreadcrumbList\",\"@id\":\"https:\\\/\\\/www.heeringholland.com\\\/es\\\/chick-truck\\\/camion-liviano-pollitos-un-dia#breadcrumb\",\"itemListElement\":[{\"@type\":\"ListItem\",\"position\":1,\"name\":\"Home\",\"item\":\"https:\\\/\\\/www.heeringholland.com\\\/es\\\/\"},{\"@type\":\"ListItem\",\"position\":2,\"name\":\"Productos\",\"item\":\"https:\\\/\\\/www.heeringholland.com\\\/es\\\/chick-truck\"},{\"@type\":\"ListItem\",\"position\":3,\"name\":\"Heering 25 (pollitos de un d\u00eda)\"}]},{\"@type\":\"WebSite\",\"@id\":\"https:\\\/\\\/www.heeringholland.com\\\/es\\\/#website\",\"url\":\"https:\\\/\\\/www.heeringholland.com\\\/es\\\/\",\"name\":\"Heering | ES\",\"description\":\"Heering, for the best quality of chicks upon arrival.\",\"potentialAction\":[{\"@type\":\"SearchAction\",\"target\":{\"@type\":\"EntryPoint\",\"urlTemplate\":\"https:\\\/\\\/www.heeringholland.com\\\/es\\\/?s={search_term_string}\"},\"query-input\":{\"@type\":\"PropertyValueSpecification\",\"valueRequired\":true,\"valueName\":\"search_term_string\"}}],\"inLanguage\":\"en-US\"}]}<\/script>","yoast_head_json":{"title":"Cami\u00f3n pollitos | Heering 25 peque\u00f1o (pollitos de un d\u00eda) | HEERING","description":"\u00bfEst\u00e1 interesado en c\u00f3mo el Heering 25 puede agregar valor a las operaciones de transporte de su planta de incubaci\u00f3n? Env\u00edenos un mensaje.","robots":{"index":"index","follow":"follow","max-snippet":"max-snippet:-1","max-image-preview":"max-image-preview:large","max-video-preview":"max-video-preview:-1"},"canonical":"https:\/\/www.heeringholland.com\/es\/chick-truck\/camion-liviano-pollitos-un-dia","og_locale":"en_US","og_type":"article","og_title":"Cami\u00f3n pollitos | Heering 25 peque\u00f1o (pollitos de un d\u00eda) | HEERING","og_description":"\u00bfEst\u00e1 interesado en c\u00f3mo el Heering 25 puede agregar valor a las operaciones de transporte de su planta de incubaci\u00f3n? Env\u00edenos un mensaje.","og_url":"https:\/\/www.heeringholland.com\/es\/chick-truck\/camion-liviano-pollitos-un-dia","og_site_name":"Heering | ES","article_publisher":"https:\/\/www.facebook.com\/Heering-Holland-100549714656200\/","article_modified_time":"2022-06-17T21:13:39+00:00","twitter_card":"summary_large_image","schema":{"@context":"https:\/\/schema.org","@graph":[{"@type":"WebPage","@id":"https:\/\/www.heeringholland.com\/es\/chick-truck\/camion-liviano-pollitos-un-dia","url":"https:\/\/www.heeringholland.com\/es\/chick-truck\/camion-liviano-pollitos-un-dia","name":"Cami\u00f3n pollitos | Heering 25 peque\u00f1o (pollitos de un d\u00eda) | HEERING","isPartOf":{"@id":"https:\/\/www.heeringholland.com\/es\/#website"},"datePublished":"2021-04-20T15:04:01+00:00","dateModified":"2022-06-17T21:13:39+00:00","description":"\u00bfEst\u00e1 interesado en c\u00f3mo el Heering 25 puede agregar valor a las operaciones de transporte de su planta de incubaci\u00f3n? Env\u00edenos un mensaje.","breadcrumb":{"@id":"https:\/\/www.heeringholland.com\/es\/chick-truck\/camion-liviano-pollitos-un-dia#breadcrumb"},"inLanguage":"en-US","potentialAction":[{"@type":"ReadAction","target":["https:\/\/www.heeringholland.com\/es\/chick-truck\/camion-liviano-pollitos-un-dia"]}]},{"@type":"BreadcrumbList","@id":"https:\/\/www.heeringholland.com\/es\/chick-truck\/camion-liviano-pollitos-un-dia#breadcrumb","itemListElement":[{"@type":"ListItem","position":1,"name":"Home","item":"https:\/\/www.heeringholland.com\/es\/"},{"@type":"ListItem","position":2,"name":"Productos","item":"https:\/\/www.heeringholland.com\/es\/chick-truck"},{"@type":"ListItem","position":3,"name":"Heering 25 (pollitos de un d\u00eda)"}]},{"@type":"WebSite","@id":"https:\/\/www.heeringholland.com\/es\/#website","url":"https:\/\/www.heeringholland.com\/es\/","name":"Heering | ES","description":"Heering, for the best quality of chicks upon arrival.","potentialAction":[{"@type":"SearchAction","target":{"@type":"EntryPoint","urlTemplate":"https:\/\/www.heeringholland.com\/es\/?s={search_term_string}"},"query-input":{"@type":"PropertyValueSpecification","valueRequired":true,"valueName":"search_term_string"}}],"inLanguage":"en-US"}]}},"_links":{"self":[{"href":"https:\/\/www.heeringholland.com\/es\/wp-json\/wp\/v2\/pages\/2886","targetHints":{"allow":["GET"]}}],"collection":[{"href":"https:\/\/www.heeringholland.com\/es\/wp-json\/wp\/v2\/pages"}],"about":[{"href":"https:\/\/www.heeringholland.com\/es\/wp-json\/wp\/v2\/types\/page"}],"author":[{"embeddable":true,"href":"https:\/\/www.heeringholland.com\/es\/wp-json\/wp\/v2\/users\/9"}],"replies":[{"embeddable":true,"href":"https:\/\/www.heeringholland.com\/es\/wp-json\/wp\/v2\/comments?post=2886"}],"version-history":[{"count":0,"href":"https:\/\/www.heeringholland.com\/es\/wp-json\/wp\/v2\/pages\/2886\/revisions"}],"up":[{"embeddable":true,"href":"https:\/\/www.heeringholland.com\/es\/wp-json\/wp\/v2\/pages\/1190"}],"wp:attachment":[{"href":"https:\/\/www.heeringholland.com\/es\/wp-json\/wp\/v2\/media?parent=2886"}],"curies":[{"name":"wp","href":"https:\/\/api.w.org\/{rel}","templated":true}]}}