{"id":3023,"date":"2021-04-21T14:34:29","date_gmt":"2021-04-21T14:34:29","guid":{"rendered":"https:\/\/www.heeringholland.com\/es-new\/?page_id=3023"},"modified":"2022-06-15T16:26:42","modified_gmt":"2022-06-15T16:26:42","slug":"benefits","status":"publish","type":"page","link":"https:\/\/www.heeringholland.com\/es\/benefits","title":{"rendered":"Beneficios"},"content":{"rendered":"","protected":false},"excerpt":{"rendered":"","protected":false},"author":9,"featured_media":0,"parent":0,"menu_order":0,"comment_status":"closed","ping_status":"closed","template":"","meta":{"_acf_changed":false,"footnotes":""},"class_list":["post-3023","page","type-page","status-publish","hentry"],"acf":[],"yoast_head":"<title>Soluciones para la cadena de producci\u00f3n av\u00edcola | Beneficios HEERING<\/title>\n<meta name=\"description\" content=\"En Heering creemos en la especialidad, no en lo gen\u00e9rico cuando se trata del proceso cr\u00edtico de transporte de embriones y\/o pollitos de un d\u00eda. \u00a1Lea m\u00e1s!\" \/>\n<meta name=\"robots\" content=\"index, follow, max-snippet:-1, max-image-preview:large, max-video-preview:-1\" \/>\n<link rel=\"canonical\" href=\"https:\/\/www.heeringholland.com\/es\/benefits\" \/>\n<meta property=\"og:locale\" content=\"en_US\" \/>\n<meta property=\"og:type\" content=\"article\" \/>\n<meta property=\"og:title\" content=\"Soluciones para la cadena de producci\u00f3n av\u00edcola | Beneficios HEERING\" \/>\n<meta property=\"og:description\" content=\"En Heering creemos en la especialidad, no en lo gen\u00e9rico cuando se trata del proceso cr\u00edtico de transporte de embriones y\/o pollitos de un d\u00eda. \u00a1Lea m\u00e1s!\" \/>\n<meta property=\"og:url\" content=\"https:\/\/www.heeringholland.com\/es\/benefits\" \/>\n<meta property=\"og:site_name\" content=\"Heering | ES\" \/>\n<meta property=\"article:publisher\" content=\"https:\/\/www.facebook.com\/Heering-Holland-100549714656200\/\" \/>\n<meta property=\"article:modified_time\" content=\"2022-06-15T16:26:42+00:00\" \/>\n<meta name=\"twitter:card\" content=\"summary_large_image\" \/>\n<script type=\"application\/ld+json\" class=\"yoast-schema-graph\">{\"@context\":\"https:\\\/\\\/schema.org\",\"@graph\":[{\"@type\":\"WebPage\",\"@id\":\"https:\\\/\\\/www.heeringholland.com\\\/es\\\/benefits\",\"url\":\"https:\\\/\\\/www.heeringholland.com\\\/es\\\/benefits\",\"name\":\"Soluciones para la cadena de producci\u00f3n av\u00edcola | Beneficios HEERING\",\"isPartOf\":{\"@id\":\"https:\\\/\\\/www.heeringholland.com\\\/es\\\/#website\"},\"datePublished\":\"2021-04-21T14:34:29+00:00\",\"dateModified\":\"2022-06-15T16:26:42+00:00\",\"description\":\"En Heering creemos en la especialidad, no en lo gen\u00e9rico cuando se trata del proceso cr\u00edtico de transporte de embriones y\\\/o pollitos de un d\u00eda. \u00a1Lea m\u00e1s!\",\"breadcrumb\":{\"@id\":\"https:\\\/\\\/www.heeringholland.com\\\/es\\\/benefits#breadcrumb\"},\"inLanguage\":\"en-US\",\"potentialAction\":[{\"@type\":\"ReadAction\",\"target\":[\"https:\\\/\\\/www.heeringholland.com\\\/es\\\/benefits\"]}]},{\"@type\":\"BreadcrumbList\",\"@id\":\"https:\\\/\\\/www.heeringholland.com\\\/es\\\/benefits#breadcrumb\",\"itemListElement\":[{\"@type\":\"ListItem\",\"position\":1,\"name\":\"Home\",\"item\":\"https:\\\/\\\/www.heeringholland.com\\\/es\\\/\"},{\"@type\":\"ListItem\",\"position\":2,\"name\":\"Beneficios\"}]},{\"@type\":\"WebSite\",\"@id\":\"https:\\\/\\\/www.heeringholland.com\\\/es\\\/#website\",\"url\":\"https:\\\/\\\/www.heeringholland.com\\\/es\\\/\",\"name\":\"Heering | ES\",\"description\":\"Heering, for the best quality of chicks upon arrival.\",\"potentialAction\":[{\"@type\":\"SearchAction\",\"target\":{\"@type\":\"EntryPoint\",\"urlTemplate\":\"https:\\\/\\\/www.heeringholland.com\\\/es\\\/?s={search_term_string}\"},\"query-input\":{\"@type\":\"PropertyValueSpecification\",\"valueRequired\":true,\"valueName\":\"search_term_string\"}}],\"inLanguage\":\"en-US\"}]}<\/script>","yoast_head_json":{"title":"Soluciones para la cadena de producci\u00f3n av\u00edcola | Beneficios HEERING","description":"En Heering creemos en la especialidad, no en lo gen\u00e9rico cuando se trata del proceso cr\u00edtico de transporte de embriones y\/o pollitos de un d\u00eda. \u00a1Lea m\u00e1s!","robots":{"index":"index","follow":"follow","max-snippet":"max-snippet:-1","max-image-preview":"max-image-preview:large","max-video-preview":"max-video-preview:-1"},"canonical":"https:\/\/www.heeringholland.com\/es\/benefits","og_locale":"en_US","og_type":"article","og_title":"Soluciones para la cadena de producci\u00f3n av\u00edcola | Beneficios HEERING","og_description":"En Heering creemos en la especialidad, no en lo gen\u00e9rico cuando se trata del proceso cr\u00edtico de transporte de embriones y\/o pollitos de un d\u00eda. \u00a1Lea m\u00e1s!","og_url":"https:\/\/www.heeringholland.com\/es\/benefits","og_site_name":"Heering | ES","article_publisher":"https:\/\/www.facebook.com\/Heering-Holland-100549714656200\/","article_modified_time":"2022-06-15T16:26:42+00:00","twitter_card":"summary_large_image","schema":{"@context":"https:\/\/schema.org","@graph":[{"@type":"WebPage","@id":"https:\/\/www.heeringholland.com\/es\/benefits","url":"https:\/\/www.heeringholland.com\/es\/benefits","name":"Soluciones para la cadena de producci\u00f3n av\u00edcola | Beneficios HEERING","isPartOf":{"@id":"https:\/\/www.heeringholland.com\/es\/#website"},"datePublished":"2021-04-21T14:34:29+00:00","dateModified":"2022-06-15T16:26:42+00:00","description":"En Heering creemos en la especialidad, no en lo gen\u00e9rico cuando se trata del proceso cr\u00edtico de transporte de embriones y\/o pollitos de un d\u00eda. \u00a1Lea m\u00e1s!","breadcrumb":{"@id":"https:\/\/www.heeringholland.com\/es\/benefits#breadcrumb"},"inLanguage":"en-US","potentialAction":[{"@type":"ReadAction","target":["https:\/\/www.heeringholland.com\/es\/benefits"]}]},{"@type":"BreadcrumbList","@id":"https:\/\/www.heeringholland.com\/es\/benefits#breadcrumb","itemListElement":[{"@type":"ListItem","position":1,"name":"Home","item":"https:\/\/www.heeringholland.com\/es\/"},{"@type":"ListItem","position":2,"name":"Beneficios"}]},{"@type":"WebSite","@id":"https:\/\/www.heeringholland.com\/es\/#website","url":"https:\/\/www.heeringholland.com\/es\/","name":"Heering | ES","description":"Heering, for the best quality of chicks upon arrival.","potentialAction":[{"@type":"SearchAction","target":{"@type":"EntryPoint","urlTemplate":"https:\/\/www.heeringholland.com\/es\/?s={search_term_string}"},"query-input":{"@type":"PropertyValueSpecification","valueRequired":true,"valueName":"search_term_string"}}],"inLanguage":"en-US"}]}},"_links":{"self":[{"href":"https:\/\/www.heeringholland.com\/es\/wp-json\/wp\/v2\/pages\/3023","targetHints":{"allow":["GET"]}}],"collection":[{"href":"https:\/\/www.heeringholland.com\/es\/wp-json\/wp\/v2\/pages"}],"about":[{"href":"https:\/\/www.heeringholland.com\/es\/wp-json\/wp\/v2\/types\/page"}],"author":[{"embeddable":true,"href":"https:\/\/www.heeringholland.com\/es\/wp-json\/wp\/v2\/users\/9"}],"replies":[{"embeddable":true,"href":"https:\/\/www.heeringholland.com\/es\/wp-json\/wp\/v2\/comments?post=3023"}],"version-history":[{"count":0,"href":"https:\/\/www.heeringholland.com\/es\/wp-json\/wp\/v2\/pages\/3023\/revisions"}],"wp:attachment":[{"href":"https:\/\/www.heeringholland.com\/es\/wp-json\/wp\/v2\/media?parent=3023"}],"curies":[{"name":"wp","href":"https:\/\/api.w.org\/{rel}","templated":true}]}}