{"id":580,"date":"2016-11-11T00:00:00","date_gmt":"2016-11-11T00:00:00","guid":{"rendered":"http:\/\/www.heeringholland.com\/es-new\/45-2\/"},"modified":"2022-06-15T17:24:00","modified_gmt":"2022-06-15T17:24:00","slug":"medium","status":"publish","type":"page","link":"https:\/\/www.heeringholland.com\/es\/medium","title":{"rendered":"Heering 45 (viejo)"},"content":{"rendered":"","protected":false},"excerpt":{"rendered":"","protected":false},"author":1,"featured_media":0,"parent":0,"menu_order":0,"comment_status":"closed","ping_status":"closed","template":"","meta":{"_acf_changed":false,"footnotes":""},"class_list":["post-580","page","type-page","status-publish","hentry"],"acf":[],"yoast_head":"<title>Heering 45 - Camin\u00f3n R\u00edgido - Tecnolog\u00eda de transporte av\u00edcola | Heering<\/title>\n<meta name=\"description\" content=\"El cami\u00f3n r\u00edgido Heering 45 (&lt;50.000 aves) est\u00e1 probado en condiciones clim\u00e1ticas y de carretera extremas. Dentro del sistema de transporte, un sistema de flujo de aire especialmente dise\u00f1ado dispersa el aire uniformemente sobre las filas de cajas de pollitos. El calor, el vapor de agua y el CO\u2082 se eliminan a trav\u00e9s de salidas de aire y un conducto de recirculaci\u00f3n.\" \/>\n<meta name=\"robots\" content=\"index, follow, max-snippet:-1, max-image-preview:large, max-video-preview:-1\" \/>\n<link rel=\"canonical\" href=\"https:\/\/www.heeringholland.com\/es\/medium\" \/>\n<meta property=\"og:locale\" content=\"en_US\" \/>\n<meta property=\"og:type\" content=\"article\" \/>\n<meta property=\"og:title\" content=\"Heering 45 - Camin\u00f3n R\u00edgido - Tecnolog\u00eda de transporte av\u00edcola | Heering\" \/>\n<meta property=\"og:description\" content=\"El cami\u00f3n r\u00edgido Heering 45 (&lt;50.000 aves) est\u00e1 probado en condiciones clim\u00e1ticas y de carretera extremas. Dentro del sistema de transporte, un sistema de flujo de aire especialmente dise\u00f1ado dispersa el aire uniformemente sobre las filas de cajas de pollitos. El calor, el vapor de agua y el CO\u2082 se eliminan a trav\u00e9s de salidas de aire y un conducto de recirculaci\u00f3n.\" \/>\n<meta property=\"og:url\" content=\"https:\/\/www.heeringholland.com\/es\/medium\" \/>\n<meta property=\"og:site_name\" content=\"Heering | ES\" \/>\n<meta property=\"article:publisher\" content=\"https:\/\/www.facebook.com\/Heering-Holland-100549714656200\/\" \/>\n<meta property=\"article:modified_time\" content=\"2022-06-15T17:24:00+00:00\" \/>\n<meta name=\"twitter:card\" content=\"summary_large_image\" \/>\n<script type=\"application\/ld+json\" class=\"yoast-schema-graph\">{\"@context\":\"https:\\\/\\\/schema.org\",\"@graph\":[{\"@type\":\"WebPage\",\"@id\":\"https:\\\/\\\/www.heeringholland.com\\\/es\\\/medium\",\"url\":\"https:\\\/\\\/www.heeringholland.com\\\/es\\\/medium\",\"name\":\"Heering 45 - Camin\u00f3n R\u00edgido - Tecnolog\u00eda de transporte av\u00edcola | Heering\",\"isPartOf\":{\"@id\":\"https:\\\/\\\/www.heeringholland.com\\\/es\\\/#website\"},\"datePublished\":\"2016-11-11T00:00:00+00:00\",\"dateModified\":\"2022-06-15T17:24:00+00:00\",\"description\":\"El cami\u00f3n r\u00edgido Heering 45 (&lt;50.000 aves) est\u00e1 probado en condiciones clim\u00e1ticas y de carretera extremas. Dentro del sistema de transporte, un sistema de flujo de aire especialmente dise\u00f1ado dispersa el aire uniformemente sobre las filas de cajas de pollitos. El calor, el vapor de agua y el CO\u2082 se eliminan a trav\u00e9s de salidas de aire y un conducto de recirculaci\u00f3n.\",\"breadcrumb\":{\"@id\":\"https:\\\/\\\/www.heeringholland.com\\\/es\\\/medium#breadcrumb\"},\"inLanguage\":\"en-US\",\"potentialAction\":[{\"@type\":\"ReadAction\",\"target\":[\"https:\\\/\\\/www.heeringholland.com\\\/es\\\/medium\"]}]},{\"@type\":\"BreadcrumbList\",\"@id\":\"https:\\\/\\\/www.heeringholland.com\\\/es\\\/medium#breadcrumb\",\"itemListElement\":[{\"@type\":\"ListItem\",\"position\":1,\"name\":\"Home\",\"item\":\"https:\\\/\\\/www.heeringholland.com\\\/es\\\/\"},{\"@type\":\"ListItem\",\"position\":2,\"name\":\"Heering 45 (viejo)\"}]},{\"@type\":\"WebSite\",\"@id\":\"https:\\\/\\\/www.heeringholland.com\\\/es\\\/#website\",\"url\":\"https:\\\/\\\/www.heeringholland.com\\\/es\\\/\",\"name\":\"Heering | ES\",\"description\":\"Heering, for the best quality of chicks upon arrival.\",\"potentialAction\":[{\"@type\":\"SearchAction\",\"target\":{\"@type\":\"EntryPoint\",\"urlTemplate\":\"https:\\\/\\\/www.heeringholland.com\\\/es\\\/?s={search_term_string}\"},\"query-input\":{\"@type\":\"PropertyValueSpecification\",\"valueRequired\":true,\"valueName\":\"search_term_string\"}}],\"inLanguage\":\"en-US\"}]}<\/script>","yoast_head_json":{"title":"Heering 45 - Camin\u00f3n R\u00edgido - Tecnolog\u00eda de transporte av\u00edcola | Heering","description":"El cami\u00f3n r\u00edgido Heering 45 (&lt;50.000 aves) est\u00e1 probado en condiciones clim\u00e1ticas y de carretera extremas. Dentro del sistema de transporte, un sistema de flujo de aire especialmente dise\u00f1ado dispersa el aire uniformemente sobre las filas de cajas de pollitos. El calor, el vapor de agua y el CO\u2082 se eliminan a trav\u00e9s de salidas de aire y un conducto de recirculaci\u00f3n.","robots":{"index":"index","follow":"follow","max-snippet":"max-snippet:-1","max-image-preview":"max-image-preview:large","max-video-preview":"max-video-preview:-1"},"canonical":"https:\/\/www.heeringholland.com\/es\/medium","og_locale":"en_US","og_type":"article","og_title":"Heering 45 - Camin\u00f3n R\u00edgido - Tecnolog\u00eda de transporte av\u00edcola | Heering","og_description":"El cami\u00f3n r\u00edgido Heering 45 (&lt;50.000 aves) est\u00e1 probado en condiciones clim\u00e1ticas y de carretera extremas. Dentro del sistema de transporte, un sistema de flujo de aire especialmente dise\u00f1ado dispersa el aire uniformemente sobre las filas de cajas de pollitos. El calor, el vapor de agua y el CO\u2082 se eliminan a trav\u00e9s de salidas de aire y un conducto de recirculaci\u00f3n.","og_url":"https:\/\/www.heeringholland.com\/es\/medium","og_site_name":"Heering | ES","article_publisher":"https:\/\/www.facebook.com\/Heering-Holland-100549714656200\/","article_modified_time":"2022-06-15T17:24:00+00:00","twitter_card":"summary_large_image","schema":{"@context":"https:\/\/schema.org","@graph":[{"@type":"WebPage","@id":"https:\/\/www.heeringholland.com\/es\/medium","url":"https:\/\/www.heeringholland.com\/es\/medium","name":"Heering 45 - Camin\u00f3n R\u00edgido - Tecnolog\u00eda de transporte av\u00edcola | Heering","isPartOf":{"@id":"https:\/\/www.heeringholland.com\/es\/#website"},"datePublished":"2016-11-11T00:00:00+00:00","dateModified":"2022-06-15T17:24:00+00:00","description":"El cami\u00f3n r\u00edgido Heering 45 (&lt;50.000 aves) est\u00e1 probado en condiciones clim\u00e1ticas y de carretera extremas. Dentro del sistema de transporte, un sistema de flujo de aire especialmente dise\u00f1ado dispersa el aire uniformemente sobre las filas de cajas de pollitos. El calor, el vapor de agua y el CO\u2082 se eliminan a trav\u00e9s de salidas de aire y un conducto de recirculaci\u00f3n.","breadcrumb":{"@id":"https:\/\/www.heeringholland.com\/es\/medium#breadcrumb"},"inLanguage":"en-US","potentialAction":[{"@type":"ReadAction","target":["https:\/\/www.heeringholland.com\/es\/medium"]}]},{"@type":"BreadcrumbList","@id":"https:\/\/www.heeringholland.com\/es\/medium#breadcrumb","itemListElement":[{"@type":"ListItem","position":1,"name":"Home","item":"https:\/\/www.heeringholland.com\/es\/"},{"@type":"ListItem","position":2,"name":"Heering 45 (viejo)"}]},{"@type":"WebSite","@id":"https:\/\/www.heeringholland.com\/es\/#website","url":"https:\/\/www.heeringholland.com\/es\/","name":"Heering | ES","description":"Heering, for the best quality of chicks upon arrival.","potentialAction":[{"@type":"SearchAction","target":{"@type":"EntryPoint","urlTemplate":"https:\/\/www.heeringholland.com\/es\/?s={search_term_string}"},"query-input":{"@type":"PropertyValueSpecification","valueRequired":true,"valueName":"search_term_string"}}],"inLanguage":"en-US"}]}},"_links":{"self":[{"href":"https:\/\/www.heeringholland.com\/es\/wp-json\/wp\/v2\/pages\/580","targetHints":{"allow":["GET"]}}],"collection":[{"href":"https:\/\/www.heeringholland.com\/es\/wp-json\/wp\/v2\/pages"}],"about":[{"href":"https:\/\/www.heeringholland.com\/es\/wp-json\/wp\/v2\/types\/page"}],"author":[{"embeddable":true,"href":"https:\/\/www.heeringholland.com\/es\/wp-json\/wp\/v2\/users\/1"}],"replies":[{"embeddable":true,"href":"https:\/\/www.heeringholland.com\/es\/wp-json\/wp\/v2\/comments?post=580"}],"version-history":[{"count":0,"href":"https:\/\/www.heeringholland.com\/es\/wp-json\/wp\/v2\/pages\/580\/revisions"}],"wp:attachment":[{"href":"https:\/\/www.heeringholland.com\/es\/wp-json\/wp\/v2\/media?parent=580"}],"curies":[{"name":"wp","href":"https:\/\/api.w.org\/{rel}","templated":true}]}}